{"id":153,"date":"2023-05-04T13:05:05","date_gmt":"2023-05-04T13:05:05","guid":{"rendered":"http:\/\/steamintimes.eu\/?page_id=153"},"modified":"2023-05-04T13:07:44","modified_gmt":"2023-05-04T13:07:44","slug":"o-nama","status":"publish","type":"page","link":"https:\/\/steamintimes.eu\/?page_id=153&lang=hr","title":{"rendered":"O nama"},"content":{"rendered":"\t\t<div data-elementor-type=\"wp-page\" data-elementor-id=\"153\" class=\"elementor elementor-153\">\n\t\t\t\t\t\t\t\t\t<section class=\"elementor-section elementor-top-section elementor-element elementor-element-2f0eb41c elementor-section-boxed elementor-section-height-default elementor-section-height-default\" data-id=\"2f0eb41c\" data-element_type=\"section\">\n\t\t\t\t\t\t<div class=\"elementor-container elementor-column-gap-default\">\n\t\t\t\t\t<div class=\"elementor-column elementor-col-100 elementor-top-column elementor-element elementor-element-672da4ac\" data-id=\"672da4ac\" data-element_type=\"column\">\n\t\t\t<div class=\"elementor-widget-wrap elementor-element-populated\">\n\t\t\t\t\t\t\t\t<div class=\"elementor-element elementor-element-74bd3dd elementor-widget elementor-widget-spacer\" data-id=\"74bd3dd\" data-element_type=\"widget\" data-widget_type=\"spacer.default\">\n\t\t\t\t<div class=\"elementor-widget-container\">\n\t\t\t<style>\/*! elementor - v3.14.0 - 26-06-2023 *\/\n.elementor-column .elementor-spacer-inner{height:var(--spacer-size)}.e-con{--container-widget-width:100%}.e-con-inner>.elementor-widget-spacer,.e-con>.elementor-widget-spacer{width:var(--container-widget-width,var(--spacer-size));--align-self:var(--container-widget-align-self,initial);--flex-shrink:0}.e-con-inner>.elementor-widget-spacer>.elementor-widget-container,.e-con-inner>.elementor-widget-spacer>.elementor-widget-container>.elementor-spacer,.e-con>.elementor-widget-spacer>.elementor-widget-container,.e-con>.elementor-widget-spacer>.elementor-widget-container>.elementor-spacer{height:100%}.e-con-inner>.elementor-widget-spacer>.elementor-widget-container>.elementor-spacer>.elementor-spacer-inner,.e-con>.elementor-widget-spacer>.elementor-widget-container>.elementor-spacer>.elementor-spacer-inner{height:var(--container-widget-height,var(--spacer-size))}<\/style>\t\t<div class=\"elementor-spacer\">\n\t\t\t<div class=\"elementor-spacer-inner\"><\/div>\n\t\t<\/div>\n\t\t\t\t<\/div>\n\t\t\t\t<\/div>\n\t\t\t\t\t<\/div>\n\t\t<\/div>\n\t\t\t\t\t\t\t<\/div>\n\t\t<\/section>\n\t\t\t\t<section class=\"elementor-section elementor-top-section elementor-element elementor-element-4dd31985 elementor-section-boxed elementor-section-height-default elementor-section-height-default\" data-id=\"4dd31985\" data-element_type=\"section\">\n\t\t\t\t\t\t<div class=\"elementor-container elementor-column-gap-default\">\n\t\t\t\t\t<div class=\"elementor-column elementor-col-100 elementor-top-column elementor-element elementor-element-a813f16\" data-id=\"a813f16\" data-element_type=\"column\">\n\t\t\t<div class=\"elementor-widget-wrap elementor-element-populated\">\n\t\t\t\t\t\t\t\t<div class=\"elementor-element elementor-element-7f564f78 elementor-widget elementor-widget-heading\" data-id=\"7f564f78\" data-element_type=\"widget\" data-widget_type=\"heading.default\">\n\t\t\t\t<div class=\"elementor-widget-container\">\n\t\t\t<style>\/*! elementor - v3.14.0 - 26-06-2023 *\/\n.elementor-heading-title{padding:0;margin:0;line-height:1}.elementor-widget-heading .elementor-heading-title[class*=elementor-size-]>a{color:inherit;font-size:inherit;line-height:inherit}.elementor-widget-heading .elementor-heading-title.elementor-size-small{font-size:15px}.elementor-widget-heading .elementor-heading-title.elementor-size-medium{font-size:19px}.elementor-widget-heading .elementor-heading-title.elementor-size-large{font-size:29px}.elementor-widget-heading .elementor-heading-title.elementor-size-xl{font-size:39px}.elementor-widget-heading .elementor-heading-title.elementor-size-xxl{font-size:59px}<\/style><h1 class=\"elementor-heading-title elementor-size-default\">O nama<\/h1>\t\t<\/div>\n\t\t\t\t<\/div>\n\t\t\t\t<div class=\"elementor-element elementor-element-1ed0cb6 elementor-widget elementor-widget-text-editor\" data-id=\"1ed0cb6\" data-element_type=\"widget\" data-widget_type=\"text-editor.default\">\n\t\t\t\t<div class=\"elementor-widget-container\">\n\t\t\t<style>\/*! elementor - v3.14.0 - 26-06-2023 *\/\n.elementor-widget-text-editor.elementor-drop-cap-view-stacked .elementor-drop-cap{background-color:#69727d;color:#fff}.elementor-widget-text-editor.elementor-drop-cap-view-framed .elementor-drop-cap{color:#69727d;border:3px solid;background-color:transparent}.elementor-widget-text-editor:not(.elementor-drop-cap-view-default) .elementor-drop-cap{margin-top:8px}.elementor-widget-text-editor:not(.elementor-drop-cap-view-default) .elementor-drop-cap-letter{width:1em;height:1em}.elementor-widget-text-editor .elementor-drop-cap{float:left;text-align:center;line-height:1;font-size:50px}.elementor-widget-text-editor .elementor-drop-cap-letter{display:inline-block}<\/style>\t\t\t\t<p><strong>Project Duration:<\/strong> January 2023 &#8211; January 2024<strong><br \/><\/strong><\/p>\t\t\t\t\t\t<\/div>\n\t\t\t\t<\/div>\n\t\t\t\t<div class=\"elementor-element elementor-element-11346b00 elementor-widget-divider--separator-type-pattern elementor-widget-divider--no-spacing elementor-widget-divider--view-line elementor-widget elementor-widget-divider\" data-id=\"11346b00\" data-element_type=\"widget\" data-widget_type=\"divider.default\">\n\t\t\t\t<div class=\"elementor-widget-container\">\n\t\t\t<style>\/*! elementor - v3.14.0 - 26-06-2023 *\/\n.elementor-widget-divider{--divider-border-style:none;--divider-border-width:1px;--divider-color:#0c0d0e;--divider-icon-size:20px;--divider-element-spacing:10px;--divider-pattern-height:24px;--divider-pattern-size:20px;--divider-pattern-url:none;--divider-pattern-repeat:repeat-x}.elementor-widget-divider .elementor-divider{display:flex}.elementor-widget-divider .elementor-divider__text{font-size:15px;line-height:1;max-width:95%}.elementor-widget-divider .elementor-divider__element{margin:0 var(--divider-element-spacing);flex-shrink:0}.elementor-widget-divider .elementor-icon{font-size:var(--divider-icon-size)}.elementor-widget-divider .elementor-divider-separator{display:flex;margin:0;direction:ltr}.elementor-widget-divider--view-line_icon .elementor-divider-separator,.elementor-widget-divider--view-line_text .elementor-divider-separator{align-items:center}.elementor-widget-divider--view-line_icon .elementor-divider-separator:after,.elementor-widget-divider--view-line_icon .elementor-divider-separator:before,.elementor-widget-divider--view-line_text .elementor-divider-separator:after,.elementor-widget-divider--view-line_text .elementor-divider-separator:before{display:block;content:\"\";border-bottom:0;flex-grow:1;border-top:var(--divider-border-width) var(--divider-border-style) var(--divider-color)}.elementor-widget-divider--element-align-left .elementor-divider .elementor-divider-separator>.elementor-divider__svg:first-of-type{flex-grow:0;flex-shrink:100}.elementor-widget-divider--element-align-left .elementor-divider-separator:before{content:none}.elementor-widget-divider--element-align-left .elementor-divider__element{margin-left:0}.elementor-widget-divider--element-align-right .elementor-divider .elementor-divider-separator>.elementor-divider__svg:last-of-type{flex-grow:0;flex-shrink:100}.elementor-widget-divider--element-align-right .elementor-divider-separator:after{content:none}.elementor-widget-divider--element-align-right .elementor-divider__element{margin-right:0}.elementor-widget-divider:not(.elementor-widget-divider--view-line_text):not(.elementor-widget-divider--view-line_icon) .elementor-divider-separator{border-top:var(--divider-border-width) var(--divider-border-style) var(--divider-color)}.elementor-widget-divider--separator-type-pattern{--divider-border-style:none}.elementor-widget-divider--separator-type-pattern.elementor-widget-divider--view-line .elementor-divider-separator,.elementor-widget-divider--separator-type-pattern:not(.elementor-widget-divider--view-line) .elementor-divider-separator:after,.elementor-widget-divider--separator-type-pattern:not(.elementor-widget-divider--view-line) .elementor-divider-separator:before,.elementor-widget-divider--separator-type-pattern:not([class*=elementor-widget-divider--view]) .elementor-divider-separator{width:100%;min-height:var(--divider-pattern-height);-webkit-mask-size:var(--divider-pattern-size) 100%;mask-size:var(--divider-pattern-size) 100%;-webkit-mask-repeat:var(--divider-pattern-repeat);mask-repeat:var(--divider-pattern-repeat);background-color:var(--divider-color);-webkit-mask-image:var(--divider-pattern-url);mask-image:var(--divider-pattern-url)}.elementor-widget-divider--no-spacing{--divider-pattern-size:auto}.elementor-widget-divider--bg-round{--divider-pattern-repeat:round}.rtl .elementor-widget-divider .elementor-divider__text{direction:rtl}.e-con-inner>.elementor-widget-divider,.e-con>.elementor-widget-divider{width:var(--container-widget-width,100%);--flex-grow:var(--container-widget-flex-grow)}<\/style>\t\t<div class=\"elementor-divider\" style=\"--divider-pattern-url: url(&quot;data:image\/svg+xml,%3Csvg xmlns=&#039;http:\/\/www.w3.org\/2000\/svg&#039; preserveAspectRatio=&#039;xMidYMid meet&#039; overflow=&#039;visible&#039; height=&#039;100%&#039; viewBox=&#039;0 0 126 26&#039; fill=&#039;black&#039; stroke=&#039;none&#039;%3E%3Cpath d=&#039;M3,10.2c2.6,0,2.6,2,2.6,3.2S4.4,16.5,3,16.5s-3-1.4-3-3.2S0.4,10.2,3,10.2z M18.8,10.2c1.7,0,3.2,1.4,3.2,3.2s-1.4,3.2-3.2,3.2c-1.7,0-3.2-1.4-3.2-3.2S17,10.2,18.8,10.2z M34.6,10.2c1.5,0,2.6,1.4,2.6,3.2s-0.5,3.2-1.9,3.2c-1.5,0-3.4-1.4-3.4-3.2S33.1,10.2,34.6,10.2z M50.5,10.2c1.7,0,3.2,1.4,3.2,3.2s-1.4,3.2-3.2,3.2c-1.7,0-3.3-0.9-3.3-2.6S48.7,10.2,50.5,10.2z M66.2,10.2c1.5,0,3.4,1.4,3.4,3.2s-1.9,3.2-3.4,3.2c-1.5,0-2.6-0.4-2.6-2.1S64.8,10.2,66.2,10.2z M82.2,10.2c1.7,0.8,2.6,1.4,2.6,3.2s-0.1,3.2-1.6,3.2c-1.5,0-3.7-1.4-3.7-3.2S80.5,9.4,82.2,10.2zM98.6,10.2c1.5,0,2.6,0.4,2.6,2.1s-1.2,4.2-2.6,4.2c-1.5,0-3.7-0.4-3.7-2.1S97.1,10.2,98.6,10.2z M113.4,10.2c1.2,0,2.2,0.9,2.2,3.2s-0.1,3.2-1.3,3.2s-3.1-1.4-3.1-3.2S112.2,10.2,113.4,10.2z&#039;\/%3E%3C\/svg%3E&quot;);\">\n\t\t\t<span class=\"elementor-divider-separator\">\n\t\t\t\t\t\t<\/span>\n\t\t<\/div>\n\t\t\t\t<\/div>\n\t\t\t\t<\/div>\n\t\t\t\t<div class=\"elementor-element elementor-element-1f3d61fe elementor-widget elementor-widget-text-editor\" data-id=\"1f3d61fe\" data-element_type=\"widget\" data-widget_type=\"text-editor.default\">\n\t\t\t\t<div class=\"elementor-widget-container\">\n\t\t\t\t\t\t\t\t\t\t\t\t\t<\/div>\n\t\t\t\t<\/div>\n\t\t\t\t<div class=\"elementor-element elementor-element-844954a elementor-widget elementor-widget-text-editor\" data-id=\"844954a\" data-element_type=\"widget\" data-widget_type=\"text-editor.default\">\n\t\t\t\t<div class=\"elementor-widget-container\">\n\t\t\t\t\t\t\t<p>Va\u017enost i primjenjivost STEAM predmeta pokazuje da je nu\u017eno upoznati djecu \u0161to ranije s tim podru\u010djima. Koncepti STEAM-a sve se vi\u0161e koriste u obrazovanju najmla\u0111ih, a istra\u017eivanje pokazuje da rano upoznavanje sa STEAM-om, od osnovne \u0161kole ili ranije, ima pozitivan utjecaj na obrazovna postignu\u0107a.<\/p>\t\t\t\t\t\t<\/div>\n\t\t\t\t<\/div>\n\t\t\t\t\t<\/div>\n\t\t<\/div>\n\t\t\t\t\t\t\t<\/div>\n\t\t<\/section>\n\t\t\t\t<section class=\"elementor-section elementor-top-section elementor-element elementor-element-9cbf783 elementor-section-boxed elementor-section-height-default elementor-section-height-default\" data-id=\"9cbf783\" data-element_type=\"section\">\n\t\t\t\t\t\t<div class=\"elementor-container elementor-column-gap-default\">\n\t\t\t\t\t<div class=\"elementor-column elementor-col-50 elementor-top-column elementor-element elementor-element-bf639ad\" data-id=\"bf639ad\" data-element_type=\"column\">\n\t\t\t<div class=\"elementor-widget-wrap elementor-element-populated\">\n\t\t\t\t\t\t\t\t<div class=\"elementor-element elementor-element-451645a elementor-widget elementor-widget-image\" data-id=\"451645a\" data-element_type=\"widget\" data-widget_type=\"image.default\">\n\t\t\t\t<div class=\"elementor-widget-container\">\n\t\t\t<style>\/*! elementor - v3.14.0 - 26-06-2023 *\/\n.elementor-widget-image{text-align:center}.elementor-widget-image a{display:inline-block}.elementor-widget-image a img[src$=\".svg\"]{width:48px}.elementor-widget-image img{vertical-align:middle;display:inline-block}<\/style>\t\t\t\t\t\t\t\t\t\t\t\t<img loading=\"lazy\" decoding=\"async\" width=\"768\" height=\"878\" src=\"https:\/\/steamintimes.eu\/wp-content\/uploads\/2023\/05\/SIT-About-section-2-768x878.png\" class=\"attachment-medium_large size-medium_large wp-image-97\" alt=\"\" srcset=\"https:\/\/steamintimes.eu\/wp-content\/uploads\/2023\/05\/SIT-About-section-2-768x878.png 768w, https:\/\/steamintimes.eu\/wp-content\/uploads\/2023\/05\/SIT-About-section-2-262x300.png 262w, https:\/\/steamintimes.eu\/wp-content\/uploads\/2023\/05\/SIT-About-section-2-895x1024.png 895w, https:\/\/steamintimes.eu\/wp-content\/uploads\/2023\/05\/SIT-About-section-2-1343x1536.png 1343w, https:\/\/steamintimes.eu\/wp-content\/uploads\/2023\/05\/SIT-About-section-2.png 1365w\" sizes=\"auto, (max-width: 768px) 100vw, 768px\" \/>\t\t\t\t\t\t\t\t\t\t\t\t\t\t\t<\/div>\n\t\t\t\t<\/div>\n\t\t\t\t\t<\/div>\n\t\t<\/div>\n\t\t\t\t<div class=\"elementor-column elementor-col-50 elementor-top-column elementor-element elementor-element-17d2dc3\" data-id=\"17d2dc3\" data-element_type=\"column\">\n\t\t\t<div class=\"elementor-widget-wrap elementor-element-populated\">\n\t\t\t\t\t\t\t\t<div class=\"elementor-element elementor-element-58e9435 elementor-widget elementor-widget-text-editor\" data-id=\"58e9435\" data-element_type=\"widget\" data-widget_type=\"text-editor.default\">\n\t\t\t\t<div class=\"elementor-widget-container\">\n\t\t\t\t\t\t\t<p>No zahvaljuju\u0107i istra\u017eivanjima poput OECD\/PISA, primijetili smo da postignu\u0107a na podru\u010dju matematike i prirodoslovlja ne dosti\u017eu prihvatljive razine u ve\u0107ini zemalja sudionica. Te alarmantne statistike pokazuju da sada\u0161nje metode i pristupi pou\u010davanja nisu u\u010dinkoviti u mjeri u kojoj bi trebali biti \u2013 od najranije dobi matematika je izazovan predmet, \u010dak i u ni\u017eim razredima osnovne \u0161kole, \u0161to demotivira u\u010denike i dovodi do daljnjih problema u obrazovanju.<\/p><p>\u0160tovi\u0161e, \u010dlanak \u201cSpecifi\u010dne pote\u0161ko\u0107e u u\u010denju matematike: sveobuhvatan pregled\u201d (citirano 29. o\u017eujka 2012. iz \u010dasopisa Translational Pediatrics, objavljeno 7. sije\u010dnja 2018.) ukazuje na to da se te\u0161ko\u0107e u u\u010denju povezane s matematikom primje\u0107uju ve\u0107 u pred\u0161kolskoj dobi. <br \/>U\u010denici s te\u0161ko\u0107ama u u\u010denju \u010desto te\u0161ko pamte brojeve slu\u0161anjem, zatim su tu te\u0161ko\u0107e s u\u010denjem brojeva i njihovom podjelom, numeriranjem, itd. Stoga je va\u017eno motivirati u\u010denike za u\u010denje matematike na manje anksiozan na\u010din tako da se poku\u0161a izbje\u0107i dril.<\/p>\t\t\t\t\t\t<\/div>\n\t\t\t\t<\/div>\n\t\t\t\t\t<\/div>\n\t\t<\/div>\n\t\t\t\t\t\t\t<\/div>\n\t\t<\/section>\n\t\t\t\t<section class=\"elementor-section elementor-top-section elementor-element elementor-element-be783ef elementor-section-boxed elementor-section-height-default elementor-section-height-default\" data-id=\"be783ef\" data-element_type=\"section\">\n\t\t\t\t\t\t<div class=\"elementor-container elementor-column-gap-default\">\n\t\t\t\t\t<div class=\"elementor-column elementor-col-50 elementor-top-column elementor-element elementor-element-449580f\" data-id=\"449580f\" data-element_type=\"column\">\n\t\t\t<div class=\"elementor-widget-wrap elementor-element-populated\">\n\t\t\t\t\t\t\t\t<div class=\"elementor-element elementor-element-fe9599c elementor-widget elementor-widget-text-editor\" data-id=\"fe9599c\" data-element_type=\"widget\" data-widget_type=\"text-editor.default\">\n\t\t\t\t<div class=\"elementor-widget-container\">\n\t\t\t\t\t\t\t<p>Koriste\u0107i metodologiju \u201cpedago\u0161kih pristupa temeljenih na igri\u201d i &#8220;iskustvenog u\u010denja&#8221;, kao i usvajanjem koncepta primjene manipulativnih materijala kroz povijest, projekt <em>Steam in times<\/em> \u017eeli donijeti prakti\u010dan pristup u u\u010dionice osnovnog obrazovanja. Takav se zaklju\u010dak temelji na argumentaciji i \u0161iroko prihva\u0107enom stavu da aktivnosti s primjenom matematike mogu promijeniti percepciju tog predmeta, posebno razvijanjem i ja\u010danjem jezika matematike koji bi se razlikovao od onog \u0161kolskog, te jezika znanstvene popularizacije. U tom smislu, primjena matematike kroz povijest mora predlo\u017eiti materijale, prostor i aktivnosti koji se ne mogu lako ponoviti u drugim situacijama. \u0160tovi\u0161e, kako bi se izbjegao prirodan gubitak pa\u017enje, nu\u017eno je da se takav pristup koristi za utvr\u0111ivanje odre\u0111enih sadr\u017eaja kori\u0161tenjem izrazito komunikativnih materijala koji su laki za kori\u0161tenje.<\/p>\t\t\t\t\t\t<\/div>\n\t\t\t\t<\/div>\n\t\t\t\t\t<\/div>\n\t\t<\/div>\n\t\t\t\t<div class=\"elementor-column elementor-col-50 elementor-top-column elementor-element elementor-element-a7262ee\" data-id=\"a7262ee\" data-element_type=\"column\">\n\t\t\t<div class=\"elementor-widget-wrap elementor-element-populated\">\n\t\t\t\t\t\t\t\t<div class=\"elementor-element elementor-element-5a68c7a elementor-widget elementor-widget-image\" data-id=\"5a68c7a\" data-element_type=\"widget\" data-widget_type=\"image.default\">\n\t\t\t\t<div class=\"elementor-widget-container\">\n\t\t\t\t\t\t\t\t\t\t\t\t\t\t\t<img loading=\"lazy\" decoding=\"async\" width=\"768\" height=\"526\" src=\"https:\/\/steamintimes.eu\/wp-content\/uploads\/2023\/05\/SIT-About-section-1-768x526.png\" class=\"attachment-medium_large size-medium_large wp-image-93\" alt=\"\" srcset=\"https:\/\/steamintimes.eu\/wp-content\/uploads\/2023\/05\/SIT-About-section-1-768x526.png 768w, https:\/\/steamintimes.eu\/wp-content\/uploads\/2023\/05\/SIT-About-section-1-300x206.png 300w, https:\/\/steamintimes.eu\/wp-content\/uploads\/2023\/05\/SIT-About-section-1-1024x702.png 1024w, https:\/\/steamintimes.eu\/wp-content\/uploads\/2023\/05\/SIT-About-section-1.png 1402w\" sizes=\"auto, (max-width: 768px) 100vw, 768px\" \/>\t\t\t\t\t\t\t\t\t\t\t\t\t\t\t<\/div>\n\t\t\t\t<\/div>\n\t\t\t\t\t<\/div>\n\t\t<\/div>\n\t\t\t\t\t\t\t<\/div>\n\t\t<\/section>\n\t\t\t\t<section class=\"elementor-section elementor-top-section elementor-element elementor-element-40c536e elementor-section-boxed elementor-section-height-default elementor-section-height-default\" data-id=\"40c536e\" data-element_type=\"section\">\n\t\t\t\t\t\t<div class=\"elementor-container elementor-column-gap-default\">\n\t\t\t\t\t<div class=\"elementor-column elementor-col-100 elementor-top-column elementor-element elementor-element-a2edd4a\" data-id=\"a2edd4a\" data-element_type=\"column\">\n\t\t\t<div class=\"elementor-widget-wrap elementor-element-populated\">\n\t\t\t\t\t\t\t\t<div class=\"elementor-element elementor-element-7c11acd elementor-widget elementor-widget-text-editor\" data-id=\"7c11acd\" data-element_type=\"widget\" data-widget_type=\"text-editor.default\">\n\t\t\t\t<div class=\"elementor-widget-container\">\n\t\t\t\t\t\t\t<p>Od velike je va\u017enosti prona\u0107i najbolji na\u010din kako bi se odr\u017eala bliska veza i u\u010dvrstio suradni\u010dki okvir te dvosmjerna komunikacija i interakcija izme\u0111u u\u010ditelja\/u\u010denika primarnog obrazovanja i drugih neformalnih STEAM edukatora. Ovaj \u0107e projekt u\u010diteljima donijeti niz alata kojima \u0107e omogu\u0107iti kros-kurikularno iskustvo u\u010denicima i tako im pomo\u0107i razumjeti razvoj matematike i njezinu va\u017enost, te ih istovremeno upoznati s matemati\u010dkim pojmovima. <\/p><p>Ciljeve projekta u svim zemljama partnerima testirat \u0107e u\u010ditelji koji \u0107e biti dostupni preko mre\u017ee partnera i promotivnih aktivnosti. Organizirat \u0107e se susreti s u\u010denicima kako bi se testirao proizvedeni materijal. Nakon tih testiranja, partneri \u0107e modificirati sadr\u017eaj u skladu s povratnim informacijama.<\/p>\t\t\t\t\t\t<\/div>\n\t\t\t\t<\/div>\n\t\t\t\t\t<\/div>\n\t\t<\/div>\n\t\t\t\t\t\t\t<\/div>\n\t\t<\/section>\n\t\t\t\t<section class=\"elementor-section elementor-top-section elementor-element elementor-element-2cc52c5f elementor-section-boxed elementor-section-height-default elementor-section-height-default\" data-id=\"2cc52c5f\" data-element_type=\"section\">\n\t\t\t\t\t\t<div class=\"elementor-container elementor-column-gap-default\">\n\t\t\t\t\t<div class=\"elementor-column elementor-col-100 elementor-top-column elementor-element elementor-element-337a3b2c\" data-id=\"337a3b2c\" data-element_type=\"column\">\n\t\t\t<div class=\"elementor-widget-wrap elementor-element-populated\">\n\t\t\t\t\t\t\t\t<section class=\"elementor-section elementor-inner-section elementor-element elementor-element-409ed61d elementor-section-boxed elementor-section-height-default elementor-section-height-default\" data-id=\"409ed61d\" data-element_type=\"section\">\n\t\t\t\t\t\t<div class=\"elementor-container elementor-column-gap-default\">\n\t\t\t\t\t<div class=\"elementor-column elementor-col-33 elementor-inner-column elementor-element elementor-element-1dea5d80\" data-id=\"1dea5d80\" data-element_type=\"column\">\n\t\t\t<div class=\"elementor-widget-wrap elementor-element-populated\">\n\t\t\t\t\t\t\t\t<div class=\"elementor-element elementor-element-b77de7b elementor-widget elementor-widget-image\" data-id=\"b77de7b\" data-element_type=\"widget\" data-widget_type=\"image.default\">\n\t\t\t\t<div class=\"elementor-widget-container\">\n\t\t\t\t\t\t\t\t\t\t\t\t\t\t\t<img loading=\"lazy\" decoding=\"async\" width=\"768\" height=\"161\" src=\"https:\/\/steamintimes.eu\/wp-content\/uploads\/2023\/04\/EN-Co-Funded-by-the-EU_PANTONE-768x161.png\" class=\"attachment-medium_large size-medium_large wp-image-24\" alt=\"\" srcset=\"https:\/\/steamintimes.eu\/wp-content\/uploads\/2023\/04\/EN-Co-Funded-by-the-EU_PANTONE-768x161.png 768w, https:\/\/steamintimes.eu\/wp-content\/uploads\/2023\/04\/EN-Co-Funded-by-the-EU_PANTONE-300x63.png 300w, https:\/\/steamintimes.eu\/wp-content\/uploads\/2023\/04\/EN-Co-Funded-by-the-EU_PANTONE-1024x215.png 1024w, https:\/\/steamintimes.eu\/wp-content\/uploads\/2023\/04\/EN-Co-Funded-by-the-EU_PANTONE-1536x322.png 1536w, https:\/\/steamintimes.eu\/wp-content\/uploads\/2023\/04\/EN-Co-Funded-by-the-EU_PANTONE-2048x430.png 2048w\" sizes=\"auto, (max-width: 768px) 100vw, 768px\" \/>\t\t\t\t\t\t\t\t\t\t\t\t\t\t\t<\/div>\n\t\t\t\t<\/div>\n\t\t\t\t\t<\/div>\n\t\t<\/div>\n\t\t\t\t<div class=\"elementor-column elementor-col-66 elementor-inner-column elementor-element elementor-element-12da9f59\" data-id=\"12da9f59\" data-element_type=\"column\">\n\t\t\t<div class=\"elementor-widget-wrap elementor-element-populated\">\n\t\t\t\t\t\t\t\t<div class=\"elementor-element elementor-element-c45cc84 elementor-widget elementor-widget-text-editor\" data-id=\"c45cc84\" data-element_type=\"widget\" data-widget_type=\"text-editor.default\">\n\t\t\t\t<div class=\"elementor-widget-container\">\n\t\t\t\t\t\t\t<p>Projekt STEAM in Times sufinancira se preko programa Europske Unije ERASMUS+ i primjenjivat \u0107e se od sije\u010dnja do prosinca 2023. Ova web stranica i sadr\u017eaj odra\u017eavaju stajali\u0161ta autora. Europska komisija nije odgovorna za eventualnu upotrebu informacija koje ova stranica sadr\u017eava.<\/p><p>(Kod projekta: 2022-2-BG01-KA210-SCH-000097380)<\/p>\t\t\t\t\t\t<\/div>\n\t\t\t\t<\/div>\n\t\t\t\t\t<\/div>\n\t\t<\/div>\n\t\t\t\t\t\t\t<\/div>\n\t\t<\/section>\n\t\t\t\t\t<\/div>\n\t\t<\/div>\n\t\t\t\t\t\t\t<\/div>\n\t\t<\/section>\n\t\t\t\t\t\t\t<\/div>\n\t\t","protected":false},"excerpt":{"rendered":"<p>O nama Project Duration: January 2023 &#8211; January 2024 Va\u017enost i primjenjivost STEAM predmeta pokazuje da je nu\u017eno upoznati djecu \u0161to ranije s tim podru\u010djima. Koncepti STEAM-a sve se vi\u0161e koriste u obrazovanju najmla\u0111ih, a istra\u017eivanje pokazuje da rano upoznavanje sa STEAM-om, od osnovne \u0161kole ili ranije, ima pozitivan utjecaj na obrazovna postignu\u0107a. No zahvaljuju\u0107i &hellip;<\/p>\n<p class=\"read-more\"> <a class=\"\" href=\"https:\/\/steamintimes.eu\/?page_id=153&#038;lang=hr\"> <span class=\"screen-reader-text\">O nama<\/span> Read More &raquo;<\/a><\/p>\n","protected":false},"author":1,"featured_media":0,"parent":0,"menu_order":0,"comment_status":"closed","ping_status":"closed","template":"","meta":{"site-sidebar-layout":"no-sidebar","site-content-layout":"page-builder","ast-global-header-display":"","ast-banner-title-visibility":"","ast-main-header-display":"","ast-hfb-above-header-display":"","ast-hfb-below-header-display":"","ast-hfb-mobile-header-display":"","site-post-title":"disabled","ast-breadcrumbs-content":"","ast-featured-img":"disabled","footer-sml-layout":"","theme-transparent-header-meta":"","adv-header-id-meta":"","stick-header-meta":"","header-above-stick-meta":"","header-main-stick-meta":"","header-below-stick-meta":"","footnotes":""},"class_list":["post-153","page","type-page","status-publish","hentry"],"_links":{"self":[{"href":"https:\/\/steamintimes.eu\/index.php?rest_route=\/wp\/v2\/pages\/153","targetHints":{"allow":["GET"]}}],"collection":[{"href":"https:\/\/steamintimes.eu\/index.php?rest_route=\/wp\/v2\/pages"}],"about":[{"href":"https:\/\/steamintimes.eu\/index.php?rest_route=\/wp\/v2\/types\/page"}],"author":[{"embeddable":true,"href":"https:\/\/steamintimes.eu\/index.php?rest_route=\/wp\/v2\/users\/1"}],"replies":[{"embeddable":true,"href":"https:\/\/steamintimes.eu\/index.php?rest_route=%2Fwp%2Fv2%2Fcomments&post=153"}],"version-history":[{"count":4,"href":"https:\/\/steamintimes.eu\/index.php?rest_route=\/wp\/v2\/pages\/153\/revisions"}],"predecessor-version":[{"id":157,"href":"https:\/\/steamintimes.eu\/index.php?rest_route=\/wp\/v2\/pages\/153\/revisions\/157"}],"wp:attachment":[{"href":"https:\/\/steamintimes.eu\/index.php?rest_route=%2Fwp%2Fv2%2Fmedia&parent=153"}],"curies":[{"name":"wp","href":"https:\/\/api.w.org\/{rel}","templated":true}]}}